{"id":470,"date":"2024-08-17T09:36:24","date_gmt":"2024-08-17T09:36:24","guid":{"rendered":"https:\/\/www.gngrzegorzniezgoda.pl\/?page_id=470"},"modified":"2024-08-31T10:31:05","modified_gmt":"2024-08-31T10:31:05","slug":"prace-wykonczeniowe","status":"publish","type":"page","link":"https:\/\/www.gngrzegorzniezgoda.pl\/?page_id=470","title":{"rendered":"Prace wyko\u0144czeniowe"},"content":{"rendered":"\t\t<div data-elementor-type=\"wp-page\" data-elementor-id=\"470\" class=\"elementor elementor-470\">\n\t\t\t\t<div class=\"elementor-element elementor-element-a9da88d e-con-full e-flex e-con e-parent\" data-id=\"a9da88d\" data-element_type=\"container\" data-e-type=\"container\">\n\t\t<div class=\"elementor-element elementor-element-1c3d9c9 e-con-full e-flex e-con e-child\" data-id=\"1c3d9c9\" data-element_type=\"container\" data-e-type=\"container\">\n\t\t\t\t<div class=\"elementor-element elementor-element-e008532 elementor-view-stacked elementor-position-inline-start elementor-shape-square elementor-mobile-position-block-start elementor-widget elementor-widget-icon-box\" data-id=\"e008532\" data-element_type=\"widget\" data-e-type=\"widget\" data-widget_type=\"icon-box.default\">\n\t\t\t\t<div class=\"elementor-widget-container\">\n\t\t\t\t\t\t\t<div class=\"elementor-icon-box-wrapper\">\n\n\t\t\t\t\t\t<div class=\"elementor-icon-box-icon\">\n\t\t\t\t<span  class=\"elementor-icon elementor-animation-pulse\">\n\t\t\t\t<svg aria-hidden=\"true\" class=\"e-font-icon-svg e-fas-phone-volume\" viewBox=\"0 0 384 512\" xmlns=\"http:\/\/www.w3.org\/2000\/svg\"><path d=\"M97.333 506.966c-129.874-129.874-129.681-340.252 0-469.933 5.698-5.698 14.527-6.632 21.263-2.422l64.817 40.513a17.187 17.187 0 0 1 6.849 20.958l-32.408 81.021a17.188 17.188 0 0 1-17.669 10.719l-55.81-5.58c-21.051 58.261-20.612 122.471 0 179.515l55.811-5.581a17.188 17.188 0 0 1 17.669 10.719l32.408 81.022a17.188 17.188 0 0 1-6.849 20.958l-64.817 40.513a17.19 17.19 0 0 1-21.264-2.422zM247.126 95.473c11.832 20.047 11.832 45.008 0 65.055-3.95 6.693-13.108 7.959-18.718 2.581l-5.975-5.726c-3.911-3.748-4.793-9.622-2.261-14.41a32.063 32.063 0 0 0 0-29.945c-2.533-4.788-1.65-10.662 2.261-14.41l5.975-5.726c5.61-5.378 14.768-4.112 18.718 2.581zm91.787-91.187c60.14 71.604 60.092 175.882 0 247.428-4.474 5.327-12.53 5.746-17.552.933l-5.798-5.557c-4.56-4.371-4.977-11.529-.93-16.379 49.687-59.538 49.646-145.933 0-205.422-4.047-4.85-3.631-12.008.93-16.379l5.798-5.557c5.022-4.813 13.078-4.394 17.552.933zm-45.972 44.941c36.05 46.322 36.108 111.149 0 157.546-4.39 5.641-12.697 6.251-17.856 1.304l-5.818-5.579c-4.4-4.219-4.998-11.095-1.285-15.931 26.536-34.564 26.534-82.572 0-117.134-3.713-4.836-3.115-11.711 1.285-15.931l5.818-5.579c5.159-4.947 13.466-4.337 17.856 1.304z\"><\/path><\/svg>\t\t\t\t<\/span>\n\t\t\t<\/div>\n\t\t\t\n\t\t\t\t\t\t<div class=\"elementor-icon-box-content\">\n\n\t\t\t\t\t\t\t\t\t<h2 class=\"elementor-icon-box-title\">\n\t\t\t\t\t\t<span  >\n\t\t\t\t\t\t\tKontakt: 661 893 238\t\t\t\t\t\t<\/span>\n\t\t\t\t\t<\/h2>\n\t\t\t\t\n\t\t\t\t\n\t\t\t<\/div>\n\t\t\t\n\t\t<\/div>\n\t\t\t\t\t\t<\/div>\n\t\t\t\t<\/div>\n\t\t\t\t<\/div>\n\t\t<div class=\"elementor-element elementor-element-03586f4 e-con-full e-flex e-con e-child\" data-id=\"03586f4\" data-element_type=\"container\" data-e-type=\"container\">\n\t\t\t\t<div class=\"elementor-element elementor-element-7d4f4c6 elementor-view-stacked elementor-position-inline-start elementor-shape-square elementor-mobile-position-block-start elementor-widget elementor-widget-icon-box\" data-id=\"7d4f4c6\" data-element_type=\"widget\" data-e-type=\"widget\" data-widget_type=\"icon-box.default\">\n\t\t\t\t<div class=\"elementor-widget-container\">\n\t\t\t\t\t\t\t<div class=\"elementor-icon-box-wrapper\">\n\n\t\t\t\t\t\t<div class=\"elementor-icon-box-icon\">\n\t\t\t\t<span  class=\"elementor-icon elementor-animation-pulse\">\n\t\t\t\t<svg aria-hidden=\"true\" class=\"e-font-icon-svg e-fas-home\" viewBox=\"0 0 576 512\" xmlns=\"http:\/\/www.w3.org\/2000\/svg\"><path d=\"M280.37 148.26L96 300.11V464a16 16 0 0 0 16 16l112.06-.29a16 16 0 0 0 15.92-16V368a16 16 0 0 1 16-16h64a16 16 0 0 1 16 16v95.64a16 16 0 0 0 16 16.05L464 480a16 16 0 0 0 16-16V300L295.67 148.26a12.19 12.19 0 0 0-15.3 0zM571.6 251.47L488 182.56V44.05a12 12 0 0 0-12-12h-56a12 12 0 0 0-12 12v72.61L318.47 43a48 48 0 0 0-61 0L4.34 251.47a12 12 0 0 0-1.6 16.9l25.5 31A12 12 0 0 0 45.15 301l235.22-193.74a12.19 12.19 0 0 1 15.3 0L530.9 301a12 12 0 0 0 16.9-1.6l25.5-31a12 12 0 0 0-1.7-16.93z\"><\/path><\/svg>\t\t\t\t<\/span>\n\t\t\t<\/div>\n\t\t\t\n\t\t\t\t\t\t<div class=\"elementor-icon-box-content\">\n\n\t\t\t\t\t\t\t\t\t<h3 class=\"elementor-icon-box-title\">\n\t\t\t\t\t\t<span  >\n\t\t\t\t\t\t\tAdres: \t\t\t\t\t\t<\/span>\n\t\t\t\t\t<\/h3>\n\t\t\t\t\n\t\t\t\t\t\t\t\t\t<p class=\"elementor-icon-box-description\">\n\t\t\t\t\t\tul. Tartaczna 5\/1\n47-224 K\u0119dzierzyn-Ko\u017ale\t\t\t\t\t<\/p>\n\t\t\t\t\n\t\t\t<\/div>\n\t\t\t\n\t\t<\/div>\n\t\t\t\t\t\t<\/div>\n\t\t\t\t<\/div>\n\t\t\t\t<\/div>\n\t\t<div class=\"elementor-element elementor-element-d0ed4e1 e-con-full e-flex e-con e-child\" data-id=\"d0ed4e1\" data-element_type=\"container\" data-e-type=\"container\">\n\t\t\t\t<div class=\"elementor-element elementor-element-daae40d elementor-shape-rounded elementor-grid-0 e-grid-align-center elementor-widget elementor-widget-social-icons\" data-id=\"daae40d\" data-element_type=\"widget\" data-e-type=\"widget\" data-widget_type=\"social-icons.default\">\n\t\t\t\t<div class=\"elementor-widget-container\">\n\t\t\t\t\t\t\t<div class=\"elementor-social-icons-wrapper elementor-grid\" role=\"list\">\n\t\t\t\t\t\t\t<span class=\"elementor-grid-item\" role=\"listitem\">\n\t\t\t\t\t<a class=\"elementor-icon elementor-social-icon elementor-social-icon-facebook elementor-repeater-item-f8ae0b0\" href=\"https:\/\/www.facebook.com\/GNremonty\" target=\"_blank\">\n\t\t\t\t\t\t<span class=\"elementor-screen-only\">Facebook<\/span>\n\t\t\t\t\t\t<svg aria-hidden=\"true\" class=\"e-font-icon-svg e-fab-facebook\" viewBox=\"0 0 512 512\" xmlns=\"http:\/\/www.w3.org\/2000\/svg\"><path d=\"M504 256C504 119 393 8 256 8S8 119 8 256c0 123.78 90.69 226.38 209.25 245V327.69h-63V256h63v-54.64c0-62.15 37-96.48 93.67-96.48 27.14 0 55.52 4.84 55.52 4.84v61h-31.28c-30.8 0-40.41 19.12-40.41 38.73V256h68.78l-11 71.69h-57.78V501C413.31 482.38 504 379.78 504 256z\"><\/path><\/svg>\t\t\t\t\t<\/a>\n\t\t\t\t<\/span>\n\t\t\t\t\t\t\t<span class=\"elementor-grid-item\" role=\"listitem\">\n\t\t\t\t\t<a class=\"elementor-icon elementor-social-icon elementor-social-icon-tiktok elementor-repeater-item-3e23dad\" href=\"https:\/\/www.tiktok.com\/search?q=gnbud&#038;t=1724311367912\" target=\"_blank\">\n\t\t\t\t\t\t<span class=\"elementor-screen-only\">Tiktok<\/span>\n\t\t\t\t\t\t<svg aria-hidden=\"true\" class=\"e-font-icon-svg e-fab-tiktok\" viewBox=\"0 0 448 512\" xmlns=\"http:\/\/www.w3.org\/2000\/svg\"><path d=\"M448,209.91a210.06,210.06,0,0,1-122.77-39.25V349.38A162.55,162.55,0,1,1,185,188.31V278.2a74.62,74.62,0,1,0,52.23,71.18V0l88,0a121.18,121.18,0,0,0,1.86,22.17h0A122.18,122.18,0,0,0,381,102.39a121.43,121.43,0,0,0,67,20.14Z\"><\/path><\/svg>\t\t\t\t\t<\/a>\n\t\t\t\t<\/span>\n\t\t\t\t\t<\/div>\n\t\t\t\t\t\t<\/div>\n\t\t\t\t<\/div>\n\t\t\t\t<\/div>\n\t\t\t\t<\/div>\n\t\t<div class=\"elementor-element elementor-element-3b22d48 e-flex e-con-boxed e-con e-parent\" data-id=\"3b22d48\" data-element_type=\"container\" data-e-type=\"container\">\n\t\t\t\t\t<div class=\"e-con-inner\">\n\t\t\t\t<div class=\"elementor-element elementor-element-12d51a9 elementor-widget-divider--view-line elementor-widget elementor-widget-divider\" data-id=\"12d51a9\" data-element_type=\"widget\" data-e-type=\"widget\" data-widget_type=\"divider.default\">\n\t\t\t\t<div class=\"elementor-widget-container\">\n\t\t\t\t\t\t\t<div class=\"elementor-divider\">\n\t\t\t<span class=\"elementor-divider-separator\">\n\t\t\t\t\t\t<\/span>\n\t\t<\/div>\n\t\t\t\t\t\t<\/div>\n\t\t\t\t<\/div>\n\t\t\t\t\t<\/div>\n\t\t\t\t<\/div>\n\t\t<div class=\"elementor-element elementor-element-2ea5ee5 e-flex e-con-boxed e-con e-parent\" data-id=\"2ea5ee5\" data-element_type=\"container\" data-e-type=\"container\">\n\t\t\t\t\t<div class=\"e-con-inner\">\n\t\t\t\t<div class=\"elementor-element elementor-element-7a6781b elementor-widget elementor-widget-heading\" data-id=\"7a6781b\" data-element_type=\"widget\" data-e-type=\"widget\" data-widget_type=\"heading.default\">\n\t\t\t\t<div class=\"elementor-widget-container\">\n\t\t\t\t\t<h2 class=\"elementor-heading-title elementor-size-default\">PRACE WYKO\u0143CZENIOWE<\/h2>\t\t\t\t<\/div>\n\t\t\t\t<\/div>\n\t\t\t\t\t<\/div>\n\t\t\t\t<\/div>\n\t\t<div class=\"elementor-element elementor-element-7ac646c e-flex e-con-boxed e-con e-parent\" data-id=\"7ac646c\" data-element_type=\"container\" data-e-type=\"container\">\n\t\t\t\t\t<div class=\"e-con-inner\">\n\t\t\t\t<div class=\"elementor-element elementor-element-4e0440f elementor-widget elementor-widget-image\" data-id=\"4e0440f\" data-element_type=\"widget\" data-e-type=\"widget\" data-widget_type=\"image.default\">\n\t\t\t\t<div class=\"elementor-widget-container\">\n\t\t\t\t\t\t\t\t\t\t\t\t\t\t\t<img fetchpriority=\"high\" decoding=\"async\" width=\"640\" height=\"537\" src=\"https:\/\/www.gngrzegorzniezgoda.pl\/wp-content\/uploads\/2024\/08\/image22.png\" class=\"attachment-large size-large wp-image-539\" alt=\"\" srcset=\"https:\/\/www.gngrzegorzniezgoda.pl\/wp-content\/uploads\/2024\/08\/image22.png 940w, https:\/\/www.gngrzegorzniezgoda.pl\/wp-content\/uploads\/2024\/08\/image22-300x251.png 300w, https:\/\/www.gngrzegorzniezgoda.pl\/wp-content\/uploads\/2024\/08\/image22-768x644.png 768w\" sizes=\"(max-width: 640px) 100vw, 640px\" \/>\t\t\t\t\t\t\t\t\t\t\t\t\t\t\t<\/div>\n\t\t\t\t<\/div>\n\t\t\t\t\t<\/div>\n\t\t\t\t<\/div>\n\t\t<div class=\"elementor-element elementor-element-e5e4eee e-flex e-con-boxed e-con e-parent\" data-id=\"e5e4eee\" data-element_type=\"container\" data-e-type=\"container\">\n\t\t\t\t\t<div class=\"e-con-inner\">\n\t\t<div class=\"elementor-element elementor-element-b8176b2 e-con-full e-flex e-con e-child\" data-id=\"b8176b2\" data-element_type=\"container\" data-e-type=\"container\">\n\t\t\t\t<div class=\"elementor-element elementor-element-785f74b elementor-widget elementor-widget-text-editor\" data-id=\"785f74b\" data-element_type=\"widget\" data-e-type=\"widget\" data-widget_type=\"text-editor.default\">\n\t\t\t\t<div class=\"elementor-widget-container\">\n\t\t\t\t\t\t\t\t\t<p>Prace wyko\u0144czeniowe to wa\u017cny etap w procesie budowy, kt\u00f3ry decyduje o ostatecznym wygl\u0105dzie oraz funkcjonalno\u015bci wn\u0119trz i elewacji budynku.\u00a0<\/p><p>Wyb\u00f3r sprawdzonej firmy jest pierwszym krokiem do sukcesu. Decyduj\u0105c si\u0119 na nasz\u0105 firm\u0119, dostajesz gwarancj\u0119, \u017ce prace b\u0119d\u0105 wykonane z najwy\u017csz\u0105 staranno\u015bci\u0105 oraz dok\u0142adno\u015bci\u0105.<span class=\"Apple-converted-space\">\u00a0<\/span><\/p><p>Cechuje nas: do\u015bwiadczenie, profesjonalizm oraz indywidualne podej\u015bcie. Ponadto jeste\u015bmy kreatywni oraz innowacyjni \u2013 \u015bledzimy najnowsze metody i trendy w bran\u017cy, aby zawsze oferowa\u0107 najlepsze rozwi\u0105zania.<\/p><p>W naszej ofercie znajduje si\u0119:<\/p>\t\t\t\t\t\t\t\t<\/div>\n\t\t\t\t<\/div>\n\t\t\t\t<\/div>\n\t\t<div class=\"elementor-element elementor-element-77e67e8 e-con-full e-flex e-con e-child\" data-id=\"77e67e8\" data-element_type=\"container\" data-e-type=\"container\">\n\t\t\t\t<div class=\"elementor-element elementor-element-8c2766d elementor-widget__width-inherit elementor-arrows-position-inside elementor-pagination-position-outside elementor-widget elementor-widget-image-carousel\" data-id=\"8c2766d\" data-element_type=\"widget\" data-e-type=\"widget\" data-settings=\"{&quot;slides_to_show&quot;:&quot;2&quot;,&quot;image_spacing_custom&quot;:{&quot;unit&quot;:&quot;px&quot;,&quot;size&quot;:5,&quot;sizes&quot;:[]},&quot;navigation&quot;:&quot;both&quot;,&quot;autoplay&quot;:&quot;yes&quot;,&quot;pause_on_hover&quot;:&quot;yes&quot;,&quot;pause_on_interaction&quot;:&quot;yes&quot;,&quot;autoplay_speed&quot;:5000,&quot;infinite&quot;:&quot;yes&quot;,&quot;speed&quot;:500,&quot;image_spacing_custom_tablet&quot;:{&quot;unit&quot;:&quot;px&quot;,&quot;size&quot;:&quot;&quot;,&quot;sizes&quot;:[]},&quot;image_spacing_custom_mobile&quot;:{&quot;unit&quot;:&quot;px&quot;,&quot;size&quot;:&quot;&quot;,&quot;sizes&quot;:[]}}\" data-widget_type=\"image-carousel.default\">\n\t\t\t\t<div class=\"elementor-widget-container\">\n\t\t\t\t\t\t\t<div class=\"elementor-image-carousel-wrapper swiper\" role=\"region\" aria-roledescription=\"carousel\" aria-label=\"Karuzela obrazk\u00f3w\" dir=\"ltr\">\n\t\t\t<div class=\"elementor-image-carousel swiper-wrapper\" aria-live=\"off\">\n\t\t\t\t\t\t\t\t<div class=\"swiper-slide\" role=\"group\" aria-roledescription=\"slide\" aria-label=\"1 z 9\"><figure class=\"swiper-slide-inner\"><img decoding=\"async\" class=\"swiper-slide-image\" src=\"https:\/\/www.gngrzegorzniezgoda.pl\/wp-content\/uploads\/2024\/08\/image14-150x150.jpeg\" alt=\"Roboty wyko\u0144czeniowe\" \/><figcaption class=\"elementor-image-carousel-caption\">Roboty wyko\u0144czeniowe<\/figcaption><\/figure><\/div><div class=\"swiper-slide\" role=\"group\" aria-roledescription=\"slide\" aria-label=\"2 z 9\"><figure class=\"swiper-slide-inner\"><img decoding=\"async\" class=\"swiper-slide-image\" src=\"https:\/\/www.gngrzegorzniezgoda.pl\/wp-content\/uploads\/2024\/08\/image15-150x150.jpeg\" alt=\"Salon\" \/><figcaption class=\"elementor-image-carousel-caption\">Salon<\/figcaption><\/figure><\/div><div class=\"swiper-slide\" role=\"group\" aria-roledescription=\"slide\" aria-label=\"3 z 9\"><figure class=\"swiper-slide-inner\"><img decoding=\"async\" class=\"swiper-slide-image\" src=\"https:\/\/www.gngrzegorzniezgoda.pl\/wp-content\/uploads\/2024\/08\/image9-150x150.jpeg\" alt=\"\u0141azienka\" \/><figcaption class=\"elementor-image-carousel-caption\">\u0141azienka<\/figcaption><\/figure><\/div><div class=\"swiper-slide\" role=\"group\" aria-roledescription=\"slide\" aria-label=\"4 z 9\"><figure class=\"swiper-slide-inner\"><img decoding=\"async\" class=\"swiper-slide-image\" src=\"https:\/\/www.gngrzegorzniezgoda.pl\/wp-content\/uploads\/2024\/08\/image10-150x150.jpeg\" alt=\"Roboty wyko\u0144czeniowe\" \/><figcaption class=\"elementor-image-carousel-caption\">Roboty wyko\u0144czeniowe<\/figcaption><\/figure><\/div><div class=\"swiper-slide\" role=\"group\" aria-roledescription=\"slide\" aria-label=\"5 z 9\"><figure class=\"swiper-slide-inner\"><img decoding=\"async\" class=\"swiper-slide-image\" src=\"https:\/\/www.gngrzegorzniezgoda.pl\/wp-content\/uploads\/2024\/08\/image11-150x150.jpeg\" alt=\"\u0141azienka\" \/><figcaption class=\"elementor-image-carousel-caption\">\u0141azienka<\/figcaption><\/figure><\/div><div class=\"swiper-slide\" role=\"group\" aria-roledescription=\"slide\" aria-label=\"6 z 9\"><figure class=\"swiper-slide-inner\"><img decoding=\"async\" class=\"swiper-slide-image\" src=\"https:\/\/www.gngrzegorzniezgoda.pl\/wp-content\/uploads\/2024\/08\/image16-150x150.jpeg\" alt=\"\u0141azienka\" \/><figcaption class=\"elementor-image-carousel-caption\">\u0141azienka<\/figcaption><\/figure><\/div><div class=\"swiper-slide\" role=\"group\" aria-roledescription=\"slide\" aria-label=\"7 z 9\"><figure class=\"swiper-slide-inner\"><img decoding=\"async\" class=\"swiper-slide-image\" src=\"https:\/\/www.gngrzegorzniezgoda.pl\/wp-content\/uploads\/2024\/03\/IMG_0604-150x150.jpeg\" alt=\"\u0141azienka\" \/><figcaption class=\"elementor-image-carousel-caption\">\u0141azienka<\/figcaption><\/figure><\/div><div class=\"swiper-slide\" role=\"group\" aria-roledescription=\"slide\" aria-label=\"8 z 9\"><figure class=\"swiper-slide-inner\"><img decoding=\"async\" class=\"swiper-slide-image\" src=\"https:\/\/www.gngrzegorzniezgoda.pl\/wp-content\/uploads\/2024\/03\/sufit-150x150.jpeg\" alt=\"Podwieszany sufit\" \/><figcaption class=\"elementor-image-carousel-caption\">Podwieszany sufit<\/figcaption><\/figure><\/div><div class=\"swiper-slide\" role=\"group\" aria-roledescription=\"slide\" aria-label=\"9 z 9\"><figure class=\"swiper-slide-inner\"><img decoding=\"async\" class=\"swiper-slide-image\" src=\"https:\/\/www.gngrzegorzniezgoda.pl\/wp-content\/uploads\/2024\/03\/rendering-3d-nowoczesny-design-i-marmurowa-toaleta-i-lazienka-scaled-e1709458267344-150x150.jpeg\" alt=\"\u0141azienka\" \/><figcaption class=\"elementor-image-carousel-caption\">\u0141azienka<\/figcaption><\/figure><\/div>\t\t\t<\/div>\n\t\t\t\t\t\t\t\t\t\t\t\t<div class=\"elementor-swiper-button elementor-swiper-button-prev\" role=\"button\" tabindex=\"0\">\n\t\t\t\t\t\t<svg aria-hidden=\"true\" class=\"e-font-icon-svg e-eicon-chevron-left\" viewBox=\"0 0 1000 1000\" xmlns=\"http:\/\/www.w3.org\/2000\/svg\"><path d=\"M646 125C629 125 613 133 604 142L308 442C296 454 292 471 292 487 292 504 296 521 308 533L604 854C617 867 629 875 646 875 663 875 679 871 692 858 704 846 713 829 713 812 713 796 708 779 692 767L438 487 692 225C700 217 708 204 708 187 708 171 704 154 692 142 675 129 663 125 646 125Z\"><\/path><\/svg>\t\t\t\t\t<\/div>\n\t\t\t\t\t<div class=\"elementor-swiper-button elementor-swiper-button-next\" role=\"button\" tabindex=\"0\">\n\t\t\t\t\t\t<svg aria-hidden=\"true\" class=\"e-font-icon-svg e-eicon-chevron-right\" viewBox=\"0 0 1000 1000\" xmlns=\"http:\/\/www.w3.org\/2000\/svg\"><path d=\"M696 533C708 521 713 504 713 487 713 471 708 454 696 446L400 146C388 133 375 125 354 125 338 125 325 129 313 142 300 154 292 171 292 187 292 204 296 221 308 233L563 492 304 771C292 783 288 800 288 817 288 833 296 850 308 863 321 871 338 875 354 875 371 875 388 867 400 854L696 533Z\"><\/path><\/svg>\t\t\t\t\t<\/div>\n\t\t\t\t\n\t\t\t\t\t\t\t\t\t<div class=\"swiper-pagination\"><\/div>\n\t\t\t\t\t\t\t\t\t<\/div>\n\t\t\t\t\t\t<\/div>\n\t\t\t\t<\/div>\n\t\t\t\t<\/div>\n\t\t\t\t\t<\/div>\n\t\t\t\t<\/div>\n\t\t<div class=\"elementor-element elementor-element-1b6eb46 e-flex e-con-boxed e-con e-parent\" data-id=\"1b6eb46\" data-element_type=\"container\" data-e-type=\"container\">\n\t\t\t\t\t<div class=\"e-con-inner\">\n\t\t<div class=\"elementor-element elementor-element-0203051 e-con-full e-flex e-con e-child\" data-id=\"0203051\" data-element_type=\"container\" data-e-type=\"container\">\n\t\t\t\t<div class=\"elementor-element elementor-element-5b8995a elementor-widget elementor-widget-text-editor\" data-id=\"5b8995a\" data-element_type=\"widget\" data-e-type=\"widget\" data-widget_type=\"text-editor.default\">\n\t\t\t\t<div class=\"elementor-widget-container\">\n\t\t\t\t\t\t\t\t\t<p><b>G\u0142ad\u017a<\/b><\/p><p>G\u0142ad\u017a stanowi kluczowy element prac wyko\u0144czeniowych, wp\u0142ywaj\u0105cy na ostateczny wygl\u0105d i estetyk\u0119 wn\u0119trz. Zapewnia idealnie g\u0142adkie powierzchnie gotowe do malowania lub tapetowania.<\/p><p><b>Malowanie i tapetowanie<\/b><\/p><p>Profesjonalne malowanie \u015bcian i sufit\u00f3w, aplikacja tapet oraz pow\u0142ok dekoracyjnych, kt\u00f3re nadadz\u0105 wn\u0119trzom wyj\u0105tkowy charakter.<\/p><p><b>Kafelkowanie<\/b><\/p><p>Kafelkowanie ma zasadnicze znaczenie dla funkcjonalno\u015bci i estetyki wn\u0119trz. Nasza firma oferuje kompleksowe us\u0142ugi kafelkowania, zapewniaj\u0105c precyzj\u0119, trwa\u0142o\u015b\u0107 i pi\u0119kny wygl\u0105d wyko\u0144czonych powierzchni. Ponadto mo\u017cemy pochwali\u0107 si\u0119 tytu\u0142em autoryzowanego glazurnika firmy Atlas.<\/p><p><b>Instalacje elektryczne, gazowe i wodno \u2013 kanalizacyjne<\/b><\/p><p>Kompleksowe prace zwi\u0105zane z instalacjami elektrycznymi i sanitarnymi, zapewniaj\u0105ce pe\u0142n\u0105 funkcjonalno\u015b\u0107 i bezpiecze\u0144stwo.<\/p><p><b>Murowanie<\/b><\/p><p>Murowanie to jedna z najwa\u017cniejszych us\u0142ug budowlanych, kt\u00f3ra stanowi fundament wielu konstrukcji. Jako firma budowlana specjalizuj\u0105ca si\u0119 w kompleksowych rozwi\u0105zaniach, oferujemy naszym klientom profesjonalne us\u0142ugi murowania, kt\u00f3re obejmuj\u0105 zar\u00f3wno prace na ma\u0142\u0105, jak i du\u017c\u0105 skal\u0119.<\/p><p><b>Sucha zabudowa<\/b><\/p><p>Sucha zabudowa to innowacyjna metoda wyka\u0144czania wn\u0119trz, kt\u00f3ra zdobywa coraz wi\u0119ksz\u0105 popularno\u015b\u0107 dzi\u0119ki swojej efektywno\u015bci, szybko\u015bci monta\u017cu oraz estetycznemu wygl\u0105dowi.\u00a0<\/p><p><b>Uk\u0142adanie paneli<\/b><\/p><p>Uk\u0142adanie paneli to jedno z najpopularniejszych rozwi\u0105za\u0144 w wyka\u0144czaniu pod\u0142\u00f3g, kt\u00f3re \u0142\u0105czy w sobie estetyk\u0119, trwa\u0142o\u015b\u0107 oraz \u0142atwo\u015b\u0107 utrzymania.\u00a0<\/p><p><b>Monta\u017c drzwi i okien<\/b><\/p><p>Nasza firma zapewnia profesjonaln\u0105 instalacj\u0119, korzystaj\u0105c z najlepszych materia\u0142\u00f3w i najnowszych technologii, aby gwarantowa\u0107 trwa\u0142o\u015b\u0107 i funkcjonalno\u015b\u0107.\u00a0 Dzi\u0119ki naszemu do\u015bwiadczeniu i precyzji, ka\u017cde zlecenie realizujemy terminowo, dostosowuj\u0105c si\u0119 do indywidualnych potrzeb klienta.<\/p><p>Zach\u0119camy do zapoznania si\u0119 z naszymi<strong> <a href=\"?page_id=264\">realizacjami\u00a0<\/a><\/strong><\/p>\t\t\t\t\t\t\t\t<\/div>\n\t\t\t\t<\/div>\n\t\t\t\t<\/div>\n\t\t<div class=\"elementor-element elementor-element-206ff1e e-con-full e-flex e-con e-child\" data-id=\"206ff1e\" data-element_type=\"container\" data-e-type=\"container\">\n\t\t\t\t<div class=\"elementor-element elementor-element-3740966 elementor-widget elementor-widget-image\" data-id=\"3740966\" data-element_type=\"widget\" data-e-type=\"widget\" data-widget_type=\"image.default\">\n\t\t\t\t<div class=\"elementor-widget-container\">\n\t\t\t\t\t\t\t\t\t\t\t\t\t\t\t<img decoding=\"async\" width=\"640\" height=\"537\" src=\"https:\/\/www.gngrzegorzniezgoda.pl\/wp-content\/uploads\/2024\/02\/NoweLogo.jpeg\" class=\"attachment-large size-large wp-image-74\" alt=\"\" srcset=\"https:\/\/www.gngrzegorzniezgoda.pl\/wp-content\/uploads\/2024\/02\/NoweLogo.jpeg 940w, https:\/\/www.gngrzegorzniezgoda.pl\/wp-content\/uploads\/2024\/02\/NoweLogo-300x251.jpeg 300w, https:\/\/www.gngrzegorzniezgoda.pl\/wp-content\/uploads\/2024\/02\/NoweLogo-768x644.jpeg 768w\" sizes=\"(max-width: 640px) 100vw, 640px\" \/>\t\t\t\t\t\t\t\t\t\t\t\t\t\t\t<\/div>\n\t\t\t\t<\/div>\n\t\t\t\t<\/div>\n\t\t\t\t\t<\/div>\n\t\t\t\t<\/div>\n\t\t\t\t<\/div>\n\t\t","protected":false},"excerpt":{"rendered":"<p>Kontakt: 661 893 238 Adres: ul. Tartaczna 5\/1 47-224 K\u0119dzierzyn-Ko\u017ale Facebook Tiktok PRACE WYKO\u0143CZENIOWE Prace wyko\u0144czeniowe to wa\u017cny etap w procesie budowy, kt\u00f3ry decyduje o [&hellip;]<\/p>\n","protected":false},"author":1,"featured_media":0,"parent":0,"menu_order":0,"comment_status":"closed","ping_status":"closed","template":"elementor_header_footer","meta":{"footnotes":""},"class_list":["post-470","page","type-page","status-publish","hentry"],"_links":{"self":[{"href":"https:\/\/www.gngrzegorzniezgoda.pl\/index.php?rest_route=\/wp\/v2\/pages\/470"}],"collection":[{"href":"https:\/\/www.gngrzegorzniezgoda.pl\/index.php?rest_route=\/wp\/v2\/pages"}],"about":[{"href":"https:\/\/www.gngrzegorzniezgoda.pl\/index.php?rest_route=\/wp\/v2\/types\/page"}],"author":[{"embeddable":true,"href":"https:\/\/www.gngrzegorzniezgoda.pl\/index.php?rest_route=\/wp\/v2\/users\/1"}],"replies":[{"embeddable":true,"href":"https:\/\/www.gngrzegorzniezgoda.pl\/index.php?rest_route=%2Fwp%2Fv2%2Fcomments&post=470"}],"version-history":[{"count":43,"href":"https:\/\/www.gngrzegorzniezgoda.pl\/index.php?rest_route=\/wp\/v2\/pages\/470\/revisions"}],"predecessor-version":[{"id":697,"href":"https:\/\/www.gngrzegorzniezgoda.pl\/index.php?rest_route=\/wp\/v2\/pages\/470\/revisions\/697"}],"wp:attachment":[{"href":"https:\/\/www.gngrzegorzniezgoda.pl\/index.php?rest_route=%2Fwp%2Fv2%2Fmedia&parent=470"}],"curies":[{"name":"wp","href":"https:\/\/api.w.org\/{rel}","templated":true}]}}