{"id":475,"date":"2024-08-17T09:37:18","date_gmt":"2024-08-17T09:37:18","guid":{"rendered":"https:\/\/www.gngrzegorzniezgoda.pl\/?page_id=475"},"modified":"2024-08-31T10:31:38","modified_gmt":"2024-08-31T10:31:38","slug":"prace-ziemne","status":"publish","type":"page","link":"https:\/\/www.gngrzegorzniezgoda.pl\/?page_id=475","title":{"rendered":"Prace ziemne"},"content":{"rendered":"\t\t<div data-elementor-type=\"wp-page\" data-elementor-id=\"475\" class=\"elementor elementor-475\">\n\t\t\t\t<div class=\"elementor-element elementor-element-f4758a6 e-con-full e-flex e-con e-parent\" data-id=\"f4758a6\" data-element_type=\"container\" data-e-type=\"container\">\n\t\t<div class=\"elementor-element elementor-element-cfd9368 e-con-full e-flex e-con e-child\" data-id=\"cfd9368\" data-element_type=\"container\" data-e-type=\"container\">\n\t\t\t\t<div class=\"elementor-element elementor-element-6aa3fe1 elementor-view-stacked elementor-position-inline-start elementor-shape-square elementor-mobile-position-block-start elementor-widget elementor-widget-icon-box\" data-id=\"6aa3fe1\" data-element_type=\"widget\" data-e-type=\"widget\" data-widget_type=\"icon-box.default\">\n\t\t\t\t<div class=\"elementor-widget-container\">\n\t\t\t\t\t\t\t<div class=\"elementor-icon-box-wrapper\">\n\n\t\t\t\t\t\t<div class=\"elementor-icon-box-icon\">\n\t\t\t\t<span  class=\"elementor-icon elementor-animation-pulse\">\n\t\t\t\t<svg aria-hidden=\"true\" class=\"e-font-icon-svg e-fas-phone-volume\" viewBox=\"0 0 384 512\" xmlns=\"http:\/\/www.w3.org\/2000\/svg\"><path d=\"M97.333 506.966c-129.874-129.874-129.681-340.252 0-469.933 5.698-5.698 14.527-6.632 21.263-2.422l64.817 40.513a17.187 17.187 0 0 1 6.849 20.958l-32.408 81.021a17.188 17.188 0 0 1-17.669 10.719l-55.81-5.58c-21.051 58.261-20.612 122.471 0 179.515l55.811-5.581a17.188 17.188 0 0 1 17.669 10.719l32.408 81.022a17.188 17.188 0 0 1-6.849 20.958l-64.817 40.513a17.19 17.19 0 0 1-21.264-2.422zM247.126 95.473c11.832 20.047 11.832 45.008 0 65.055-3.95 6.693-13.108 7.959-18.718 2.581l-5.975-5.726c-3.911-3.748-4.793-9.622-2.261-14.41a32.063 32.063 0 0 0 0-29.945c-2.533-4.788-1.65-10.662 2.261-14.41l5.975-5.726c5.61-5.378 14.768-4.112 18.718 2.581zm91.787-91.187c60.14 71.604 60.092 175.882 0 247.428-4.474 5.327-12.53 5.746-17.552.933l-5.798-5.557c-4.56-4.371-4.977-11.529-.93-16.379 49.687-59.538 49.646-145.933 0-205.422-4.047-4.85-3.631-12.008.93-16.379l5.798-5.557c5.022-4.813 13.078-4.394 17.552.933zm-45.972 44.941c36.05 46.322 36.108 111.149 0 157.546-4.39 5.641-12.697 6.251-17.856 1.304l-5.818-5.579c-4.4-4.219-4.998-11.095-1.285-15.931 26.536-34.564 26.534-82.572 0-117.134-3.713-4.836-3.115-11.711 1.285-15.931l5.818-5.579c5.159-4.947 13.466-4.337 17.856 1.304z\"><\/path><\/svg>\t\t\t\t<\/span>\n\t\t\t<\/div>\n\t\t\t\n\t\t\t\t\t\t<div class=\"elementor-icon-box-content\">\n\n\t\t\t\t\t\t\t\t\t<h2 class=\"elementor-icon-box-title\">\n\t\t\t\t\t\t<span  >\n\t\t\t\t\t\t\tKontakt: 661 893 238\t\t\t\t\t\t<\/span>\n\t\t\t\t\t<\/h2>\n\t\t\t\t\n\t\t\t\t\n\t\t\t<\/div>\n\t\t\t\n\t\t<\/div>\n\t\t\t\t\t\t<\/div>\n\t\t\t\t<\/div>\n\t\t\t\t<\/div>\n\t\t<div class=\"elementor-element elementor-element-fcdb14f e-con-full e-flex e-con e-child\" data-id=\"fcdb14f\" data-element_type=\"container\" data-e-type=\"container\">\n\t\t\t\t<div class=\"elementor-element elementor-element-870ff83 elementor-view-stacked elementor-position-inline-start elementor-shape-square elementor-mobile-position-block-start elementor-widget elementor-widget-icon-box\" data-id=\"870ff83\" data-element_type=\"widget\" data-e-type=\"widget\" data-widget_type=\"icon-box.default\">\n\t\t\t\t<div class=\"elementor-widget-container\">\n\t\t\t\t\t\t\t<div class=\"elementor-icon-box-wrapper\">\n\n\t\t\t\t\t\t<div class=\"elementor-icon-box-icon\">\n\t\t\t\t<span  class=\"elementor-icon elementor-animation-pulse\">\n\t\t\t\t<svg aria-hidden=\"true\" class=\"e-font-icon-svg e-fas-home\" viewBox=\"0 0 576 512\" xmlns=\"http:\/\/www.w3.org\/2000\/svg\"><path d=\"M280.37 148.26L96 300.11V464a16 16 0 0 0 16 16l112.06-.29a16 16 0 0 0 15.92-16V368a16 16 0 0 1 16-16h64a16 16 0 0 1 16 16v95.64a16 16 0 0 0 16 16.05L464 480a16 16 0 0 0 16-16V300L295.67 148.26a12.19 12.19 0 0 0-15.3 0zM571.6 251.47L488 182.56V44.05a12 12 0 0 0-12-12h-56a12 12 0 0 0-12 12v72.61L318.47 43a48 48 0 0 0-61 0L4.34 251.47a12 12 0 0 0-1.6 16.9l25.5 31A12 12 0 0 0 45.15 301l235.22-193.74a12.19 12.19 0 0 1 15.3 0L530.9 301a12 12 0 0 0 16.9-1.6l25.5-31a12 12 0 0 0-1.7-16.93z\"><\/path><\/svg>\t\t\t\t<\/span>\n\t\t\t<\/div>\n\t\t\t\n\t\t\t\t\t\t<div class=\"elementor-icon-box-content\">\n\n\t\t\t\t\t\t\t\t\t<h3 class=\"elementor-icon-box-title\">\n\t\t\t\t\t\t<span  >\n\t\t\t\t\t\t\tAdres: \t\t\t\t\t\t<\/span>\n\t\t\t\t\t<\/h3>\n\t\t\t\t\n\t\t\t\t\t\t\t\t\t<p class=\"elementor-icon-box-description\">\n\t\t\t\t\t\tul. Tartaczna 5\/1\n47-224 K\u0119dzierzyn-Ko\u017ale\t\t\t\t\t<\/p>\n\t\t\t\t\n\t\t\t<\/div>\n\t\t\t\n\t\t<\/div>\n\t\t\t\t\t\t<\/div>\n\t\t\t\t<\/div>\n\t\t\t\t<\/div>\n\t\t<div class=\"elementor-element elementor-element-eb8b091 e-con-full e-flex e-con e-child\" data-id=\"eb8b091\" data-element_type=\"container\" data-e-type=\"container\">\n\t\t\t\t<div class=\"elementor-element elementor-element-a43c660 elementor-shape-rounded elementor-grid-0 e-grid-align-center elementor-widget elementor-widget-social-icons\" data-id=\"a43c660\" data-element_type=\"widget\" data-e-type=\"widget\" data-widget_type=\"social-icons.default\">\n\t\t\t\t<div class=\"elementor-widget-container\">\n\t\t\t\t\t\t\t<div class=\"elementor-social-icons-wrapper elementor-grid\" role=\"list\">\n\t\t\t\t\t\t\t<span class=\"elementor-grid-item\" role=\"listitem\">\n\t\t\t\t\t<a class=\"elementor-icon elementor-social-icon elementor-social-icon-facebook elementor-repeater-item-f8ae0b0\" href=\"https:\/\/www.facebook.com\/GNremonty\" target=\"_blank\">\n\t\t\t\t\t\t<span class=\"elementor-screen-only\">Facebook<\/span>\n\t\t\t\t\t\t<svg aria-hidden=\"true\" class=\"e-font-icon-svg e-fab-facebook\" viewBox=\"0 0 512 512\" xmlns=\"http:\/\/www.w3.org\/2000\/svg\"><path d=\"M504 256C504 119 393 8 256 8S8 119 8 256c0 123.78 90.69 226.38 209.25 245V327.69h-63V256h63v-54.64c0-62.15 37-96.48 93.67-96.48 27.14 0 55.52 4.84 55.52 4.84v61h-31.28c-30.8 0-40.41 19.12-40.41 38.73V256h68.78l-11 71.69h-57.78V501C413.31 482.38 504 379.78 504 256z\"><\/path><\/svg>\t\t\t\t\t<\/a>\n\t\t\t\t<\/span>\n\t\t\t\t\t\t\t<span class=\"elementor-grid-item\" role=\"listitem\">\n\t\t\t\t\t<a class=\"elementor-icon elementor-social-icon elementor-social-icon-tiktok elementor-repeater-item-3e23dad\" href=\"https:\/\/www.tiktok.com\/search?q=gnbud&#038;t=1724311367912\" target=\"_blank\">\n\t\t\t\t\t\t<span class=\"elementor-screen-only\">Tiktok<\/span>\n\t\t\t\t\t\t<svg aria-hidden=\"true\" class=\"e-font-icon-svg e-fab-tiktok\" viewBox=\"0 0 448 512\" xmlns=\"http:\/\/www.w3.org\/2000\/svg\"><path d=\"M448,209.91a210.06,210.06,0,0,1-122.77-39.25V349.38A162.55,162.55,0,1,1,185,188.31V278.2a74.62,74.62,0,1,0,52.23,71.18V0l88,0a121.18,121.18,0,0,0,1.86,22.17h0A122.18,122.18,0,0,0,381,102.39a121.43,121.43,0,0,0,67,20.14Z\"><\/path><\/svg>\t\t\t\t\t<\/a>\n\t\t\t\t<\/span>\n\t\t\t\t\t<\/div>\n\t\t\t\t\t\t<\/div>\n\t\t\t\t<\/div>\n\t\t\t\t<\/div>\n\t\t\t\t<\/div>\n\t\t<div class=\"elementor-element elementor-element-d4194e7 e-flex e-con-boxed e-con e-parent\" data-id=\"d4194e7\" data-element_type=\"container\" data-e-type=\"container\">\n\t\t\t\t\t<div class=\"e-con-inner\">\n\t\t\t\t<div class=\"elementor-element elementor-element-1b49663 elementor-widget-divider--view-line elementor-widget elementor-widget-divider\" data-id=\"1b49663\" data-element_type=\"widget\" data-e-type=\"widget\" data-widget_type=\"divider.default\">\n\t\t\t\t<div class=\"elementor-widget-container\">\n\t\t\t\t\t\t\t<div class=\"elementor-divider\">\n\t\t\t<span class=\"elementor-divider-separator\">\n\t\t\t\t\t\t<\/span>\n\t\t<\/div>\n\t\t\t\t\t\t<\/div>\n\t\t\t\t<\/div>\n\t\t\t\t\t<\/div>\n\t\t\t\t<\/div>\n\t\t<div class=\"elementor-element elementor-element-0d72316 e-flex e-con-boxed e-con e-parent\" data-id=\"0d72316\" data-element_type=\"container\" data-e-type=\"container\">\n\t\t\t\t\t<div class=\"e-con-inner\">\n\t\t\t\t<div class=\"elementor-element elementor-element-d251371 elementor-widget elementor-widget-heading\" data-id=\"d251371\" data-element_type=\"widget\" data-e-type=\"widget\" data-widget_type=\"heading.default\">\n\t\t\t\t<div class=\"elementor-widget-container\">\n\t\t\t\t\t<h2 class=\"elementor-heading-title elementor-size-default\">PRACE ZIEMNE<\/h2>\t\t\t\t<\/div>\n\t\t\t\t<\/div>\n\t\t\t\t\t<\/div>\n\t\t\t\t<\/div>\n\t\t<div class=\"elementor-element elementor-element-321af83 e-flex e-con-boxed e-con e-parent\" data-id=\"321af83\" data-element_type=\"container\" data-e-type=\"container\">\n\t\t\t\t\t<div class=\"e-con-inner\">\n\t\t\t\t<div class=\"elementor-element elementor-element-63fedc3 elementor-widget elementor-widget-image\" data-id=\"63fedc3\" data-element_type=\"widget\" data-e-type=\"widget\" data-widget_type=\"image.default\">\n\t\t\t\t<div class=\"elementor-widget-container\">\n\t\t\t\t\t\t\t\t\t\t\t\t\t\t\t<img fetchpriority=\"high\" decoding=\"async\" width=\"640\" height=\"537\" src=\"https:\/\/www.gngrzegorzniezgoda.pl\/wp-content\/uploads\/2024\/08\/image23.png\" class=\"attachment-large size-large wp-image-570\" alt=\"\" srcset=\"https:\/\/www.gngrzegorzniezgoda.pl\/wp-content\/uploads\/2024\/08\/image23.png 940w, https:\/\/www.gngrzegorzniezgoda.pl\/wp-content\/uploads\/2024\/08\/image23-300x251.png 300w, https:\/\/www.gngrzegorzniezgoda.pl\/wp-content\/uploads\/2024\/08\/image23-768x644.png 768w\" sizes=\"(max-width: 640px) 100vw, 640px\" \/>\t\t\t\t\t\t\t\t\t\t\t\t\t\t\t<\/div>\n\t\t\t\t<\/div>\n\t\t\t\t\t<\/div>\n\t\t\t\t<\/div>\n\t\t<div class=\"elementor-element elementor-element-d366aa7 e-flex e-con-boxed e-con e-parent\" data-id=\"d366aa7\" data-element_type=\"container\" data-e-type=\"container\">\n\t\t\t\t\t<div class=\"e-con-inner\">\n\t\t\t\t<div class=\"elementor-element elementor-element-2dcb2ee elementor-widget elementor-widget-text-editor\" data-id=\"2dcb2ee\" data-element_type=\"widget\" data-e-type=\"widget\" data-widget_type=\"text-editor.default\">\n\t\t\t\t<div class=\"elementor-widget-container\">\n\t\t\t\t\t\t\t\t\t<p>Gwarantujemy profesjonalne wykonanie wszelkich prac ziemnych, kt\u00f3re s\u0105 fundamentem ka\u017cdej udanej inwestycji. Dzi\u0119ki nowoczesnemu sprz\u0119towi i do\u015bwiadczonemu zespo\u0142owi, zapewniamy najwy\u017csz\u0105 jako\u015b\u0107 wykonywanych prac, terminowo\u015b\u0107 oraz pe\u0142ne zadowolenie.<\/p><p>\u00a0<\/p>\t\t\t\t\t\t\t\t<\/div>\n\t\t\t\t<\/div>\n\t\t\t\t\t<\/div>\n\t\t\t\t<\/div>\n\t\t<div class=\"elementor-element elementor-element-d9555f6 e-flex e-con-boxed e-con e-parent\" data-id=\"d9555f6\" data-element_type=\"container\" data-e-type=\"container\" data-settings=\"{&quot;background_background&quot;:&quot;classic&quot;}\">\n\t\t\t\t\t<div class=\"e-con-inner\">\n\t\t<div class=\"elementor-element elementor-element-b9f03a2 e-con-full e-flex e-con e-child\" data-id=\"b9f03a2\" data-element_type=\"container\" data-e-type=\"container\">\n\t\t\t\t<div class=\"elementor-element elementor-element-08d35c3 elementor-widget elementor-widget-text-editor\" data-id=\"08d35c3\" data-element_type=\"widget\" data-e-type=\"widget\" data-widget_type=\"text-editor.default\">\n\t\t\t\t<div class=\"elementor-widget-container\">\n\t\t\t\t\t\t\t\t\t<p>W sk\u0142ad naszej oferty wchodz\u0105 m.in.:<\/p><ul><li>wykopy pod fundamenty,<\/li><li>niwelacja terenu,<\/li><li>drena\u017ce i odwodnienia<\/li><li>wykopy pod sieci wodoci\u0105gowe, kanalizacyjne i przewody elektryczne,<\/li><li>wykonanie us\u0142ugi brukarskiej,<\/li><li>wykopy pod szamba, oczyszczalnie,<\/li><li>wykopy pod oczka wodne,<\/li><li>wyburzenia i rozbi\u00f3rki,<\/li><li>transport i utylizacja gruzu,<\/li><li>dow\u00f3z kruszywa.<\/li><\/ul>\t\t\t\t\t\t\t\t<\/div>\n\t\t\t\t<\/div>\n\t\t\t\t<\/div>\n\t\t<div class=\"elementor-element elementor-element-9818e6c e-con-full e-flex e-con e-child\" data-id=\"9818e6c\" data-element_type=\"container\" data-e-type=\"container\">\n\t\t<div class=\"elementor-element elementor-element-8a44ac3 e-con-full e-flex e-con e-child\" data-id=\"8a44ac3\" data-element_type=\"container\" data-e-type=\"container\">\n\t\t\t\t<div class=\"elementor-element elementor-element-bf537aa elementor-widget elementor-widget-image\" data-id=\"bf537aa\" data-element_type=\"widget\" data-e-type=\"widget\" data-widget_type=\"image.default\">\n\t\t\t\t<div class=\"elementor-widget-container\">\n\t\t\t\t\t\t\t\t\t\t\t\t\t\t\t<img decoding=\"async\" width=\"640\" height=\"480\" src=\"https:\/\/www.gngrzegorzniezgoda.pl\/wp-content\/uploads\/2024\/08\/image24-1024x768.jpeg\" class=\"attachment-large size-large wp-image-578\" alt=\"\" srcset=\"https:\/\/www.gngrzegorzniezgoda.pl\/wp-content\/uploads\/2024\/08\/image24-1024x768.jpeg 1024w, https:\/\/www.gngrzegorzniezgoda.pl\/wp-content\/uploads\/2024\/08\/image24-300x225.jpeg 300w, https:\/\/www.gngrzegorzniezgoda.pl\/wp-content\/uploads\/2024\/08\/image24-768x576.jpeg 768w, https:\/\/www.gngrzegorzniezgoda.pl\/wp-content\/uploads\/2024\/08\/image24.jpeg 1386w\" sizes=\"(max-width: 640px) 100vw, 640px\" \/>\t\t\t\t\t\t\t\t\t\t\t\t\t\t\t<\/div>\n\t\t\t\t<\/div>\n\t\t\t\t<\/div>\n\t\t\t\t<\/div>\n\t\t\t\t\t<\/div>\n\t\t\t\t<\/div>\n\t\t<div class=\"elementor-element elementor-element-f2a2fb2 e-flex e-con-boxed e-con e-parent\" data-id=\"f2a2fb2\" data-element_type=\"container\" data-e-type=\"container\">\n\t\t\t\t\t<div class=\"e-con-inner\">\n\t\t\t\t<div class=\"elementor-element elementor-element-11afb32 elementor-widget elementor-widget-text-editor\" data-id=\"11afb32\" data-element_type=\"widget\" data-e-type=\"widget\" data-widget_type=\"text-editor.default\">\n\t\t\t\t<div class=\"elementor-widget-container\">\n\t\t\t\t\t\t\t\t\t<p>W sk\u0142ad naszej floty wchodzi mini koparka oraz koparko-\u0142adowarka.<\/p>\t\t\t\t\t\t\t\t<\/div>\n\t\t\t\t<\/div>\n\t\t\t\t\t<\/div>\n\t\t\t\t<\/div>\n\t\t<div class=\"elementor-element elementor-element-69b3a00 e-flex e-con-boxed e-con e-parent\" data-id=\"69b3a00\" data-element_type=\"container\" data-e-type=\"container\">\n\t\t\t\t\t<div class=\"e-con-inner\">\n\t\t<div class=\"elementor-element elementor-element-f9942f9 e-con-full e-flex e-con e-child\" data-id=\"f9942f9\" data-element_type=\"container\" data-e-type=\"container\">\n\t\t\t\t<div class=\"elementor-element elementor-element-2ce2f9f elementor-widget elementor-widget-image\" data-id=\"2ce2f9f\" data-element_type=\"widget\" data-e-type=\"widget\" data-widget_type=\"image.default\">\n\t\t\t\t<div class=\"elementor-widget-container\">\n\t\t\t\t\t\t\t\t\t\t\t\t\t\t\t<img decoding=\"async\" width=\"640\" height=\"480\" src=\"https:\/\/www.gngrzegorzniezgoda.pl\/wp-content\/uploads\/2024\/08\/image25-1024x768.jpeg\" class=\"attachment-large size-large wp-image-579\" alt=\"\" srcset=\"https:\/\/www.gngrzegorzniezgoda.pl\/wp-content\/uploads\/2024\/08\/image25-1024x768.jpeg 1024w, https:\/\/www.gngrzegorzniezgoda.pl\/wp-content\/uploads\/2024\/08\/image25-300x225.jpeg 300w, https:\/\/www.gngrzegorzniezgoda.pl\/wp-content\/uploads\/2024\/08\/image25-768x576.jpeg 768w, https:\/\/www.gngrzegorzniezgoda.pl\/wp-content\/uploads\/2024\/08\/image25-1536x1152.jpeg 1536w, https:\/\/www.gngrzegorzniezgoda.pl\/wp-content\/uploads\/2024\/08\/image25.jpeg 1600w\" sizes=\"(max-width: 640px) 100vw, 640px\" \/>\t\t\t\t\t\t\t\t\t\t\t\t\t\t\t<\/div>\n\t\t\t\t<\/div>\n\t\t\t\t<\/div>\n\t\t<div class=\"elementor-element elementor-element-91670e3 e-con-full e-flex e-con e-child\" data-id=\"91670e3\" data-element_type=\"container\" data-e-type=\"container\">\n\t\t\t\t<div class=\"elementor-element elementor-element-7967f04 elementor-widget elementor-widget-text-editor\" data-id=\"7967f04\" data-element_type=\"widget\" data-e-type=\"widget\" data-widget_type=\"text-editor.default\">\n\t\t\t\t<div class=\"elementor-widget-container\">\n\t\t\t\t\t\t\t\t\t<p>Mini koparka to ma\u0142a, ale pot\u0119\u017cna maszyna budowlana, kt\u00f3ra jest niezast\u0105piona w wielu projektach. Dzi\u0119ki swoim wzgl\u0119dnie niewielkim rozmiarom idealnie nadaje si\u0119 do prac w miejscach, gdzie wi\u0119ksze maszyny mog\u0105 mie\u0107 problem z dost\u0119pem. Mini koparka jest niezast\u0105piona w takich projektach jak wykopy i prace ziemne, niwelacja terenu, prace w ogrodnictwie i rolnictwie.<\/p>\t\t\t\t\t\t\t\t<\/div>\n\t\t\t\t<\/div>\n\t\t\t\t<\/div>\n\t\t<div class=\"elementor-element elementor-element-e9bafd3 e-con-full e-flex e-con e-child\" data-id=\"e9bafd3\" data-element_type=\"container\" data-e-type=\"container\">\n\t\t\t\t<div class=\"elementor-element elementor-element-937efd8 elementor-widget elementor-widget-image\" data-id=\"937efd8\" data-element_type=\"widget\" data-e-type=\"widget\" data-widget_type=\"image.default\">\n\t\t\t\t<div class=\"elementor-widget-container\">\n\t\t\t\t\t\t\t\t\t\t\t\t\t\t\t<img loading=\"lazy\" decoding=\"async\" width=\"640\" height=\"480\" src=\"https:\/\/www.gngrzegorzniezgoda.pl\/wp-content\/uploads\/2024\/08\/image26-1024x768.jpeg\" class=\"attachment-large size-large wp-image-580\" alt=\"\" srcset=\"https:\/\/www.gngrzegorzniezgoda.pl\/wp-content\/uploads\/2024\/08\/image26-1024x768.jpeg 1024w, https:\/\/www.gngrzegorzniezgoda.pl\/wp-content\/uploads\/2024\/08\/image26-300x225.jpeg 300w, https:\/\/www.gngrzegorzniezgoda.pl\/wp-content\/uploads\/2024\/08\/image26-768x576.jpeg 768w, https:\/\/www.gngrzegorzniezgoda.pl\/wp-content\/uploads\/2024\/08\/image26.jpeg 1231w\" sizes=\"(max-width: 640px) 100vw, 640px\" \/>\t\t\t\t\t\t\t\t\t\t\t\t\t\t\t<\/div>\n\t\t\t\t<\/div>\n\t\t\t\t<\/div>\n\t\t<div class=\"elementor-element elementor-element-86c6b9c e-con-full e-flex e-con e-child\" data-id=\"86c6b9c\" data-element_type=\"container\" data-e-type=\"container\">\n\t\t\t\t<div class=\"elementor-element elementor-element-945a8a6 elementor-widget elementor-widget-text-editor\" data-id=\"945a8a6\" data-element_type=\"widget\" data-e-type=\"widget\" data-widget_type=\"text-editor.default\">\n\t\t\t\t<div class=\"elementor-widget-container\">\n\t\t\t\t\t\t\t\t\t<p>Natomiast koparko-\u0142adowarka to wszechstronna maszyna budowlana, kt\u00f3ra \u0142\u0105czy w sobie funkcje koparki i \u0142adowarki. Dzi\u0119ki swojej uniwersalno\u015bci znajduje szerokie zastosowanie w r\u00f3\u017cnych pracach budowlanych i ziemnych.<\/p>\t\t\t\t\t\t\t\t<\/div>\n\t\t\t\t<\/div>\n\t\t\t\t<\/div>\n\t\t\t\t\t<\/div>\n\t\t\t\t<\/div>\n\t\t<div class=\"elementor-element elementor-element-97d1b5a e-flex e-con-boxed e-con e-parent\" data-id=\"97d1b5a\" data-element_type=\"container\" data-e-type=\"container\">\n\t\t\t\t\t<div class=\"e-con-inner\">\n\t\t\t\t<div class=\"elementor-element elementor-element-931fa11 elementor-widget elementor-widget-image\" data-id=\"931fa11\" data-element_type=\"widget\" data-e-type=\"widget\" data-widget_type=\"image.default\">\n\t\t\t\t<div class=\"elementor-widget-container\">\n\t\t\t\t\t\t\t\t\t\t\t\t\t\t\t<img loading=\"lazy\" decoding=\"async\" width=\"640\" height=\"261\" src=\"https:\/\/www.gngrzegorzniezgoda.pl\/wp-content\/uploads\/2024\/03\/baner-1024x417.png\" class=\"attachment-large size-large wp-image-405\" alt=\"\" srcset=\"https:\/\/www.gngrzegorzniezgoda.pl\/wp-content\/uploads\/2024\/03\/baner-1024x417.png 1024w, https:\/\/www.gngrzegorzniezgoda.pl\/wp-content\/uploads\/2024\/03\/baner-300x122.png 300w, https:\/\/www.gngrzegorzniezgoda.pl\/wp-content\/uploads\/2024\/03\/baner-768x313.png 768w, https:\/\/www.gngrzegorzniezgoda.pl\/wp-content\/uploads\/2024\/03\/baner.png 1400w\" sizes=\"(max-width: 640px) 100vw, 640px\" \/>\t\t\t\t\t\t\t\t\t\t\t\t\t\t\t<\/div>\n\t\t\t\t<\/div>\n\t\t\t\t\t<\/div>\n\t\t\t\t<\/div>\n\t\t\t\t<\/div>\n\t\t","protected":false},"excerpt":{"rendered":"<p>Kontakt: 661 893 238 Adres: ul. Tartaczna 5\/1 47-224 K\u0119dzierzyn-Ko\u017ale Facebook Tiktok PRACE ZIEMNE Gwarantujemy profesjonalne wykonanie wszelkich prac ziemnych, kt\u00f3re s\u0105 fundamentem ka\u017cdej udanej [&hellip;]<\/p>\n","protected":false},"author":1,"featured_media":0,"parent":0,"menu_order":0,"comment_status":"closed","ping_status":"closed","template":"elementor_header_footer","meta":{"footnotes":""},"class_list":["post-475","page","type-page","status-publish","hentry"],"_links":{"self":[{"href":"https:\/\/www.gngrzegorzniezgoda.pl\/index.php?rest_route=\/wp\/v2\/pages\/475"}],"collection":[{"href":"https:\/\/www.gngrzegorzniezgoda.pl\/index.php?rest_route=\/wp\/v2\/pages"}],"about":[{"href":"https:\/\/www.gngrzegorzniezgoda.pl\/index.php?rest_route=\/wp\/v2\/types\/page"}],"author":[{"embeddable":true,"href":"https:\/\/www.gngrzegorzniezgoda.pl\/index.php?rest_route=\/wp\/v2\/users\/1"}],"replies":[{"embeddable":true,"href":"https:\/\/www.gngrzegorzniezgoda.pl\/index.php?rest_route=%2Fwp%2Fv2%2Fcomments&post=475"}],"version-history":[{"count":49,"href":"https:\/\/www.gngrzegorzniezgoda.pl\/index.php?rest_route=\/wp\/v2\/pages\/475\/revisions"}],"predecessor-version":[{"id":700,"href":"https:\/\/www.gngrzegorzniezgoda.pl\/index.php?rest_route=\/wp\/v2\/pages\/475\/revisions\/700"}],"wp:attachment":[{"href":"https:\/\/www.gngrzegorzniezgoda.pl\/index.php?rest_route=%2Fwp%2Fv2%2Fmedia&parent=475"}],"curies":[{"name":"wp","href":"https:\/\/api.w.org\/{rel}","templated":true}]}}